{"id":54,"date":"2021-05-14T17:06:59","date_gmt":"2021-05-14T20:06:59","guid":{"rendered":"http:\/\/projetos.ecaresentinela.com.br\/teleacolhimento\/?page_id=54"},"modified":"2021-06-18T10:20:16","modified_gmt":"2021-06-18T13:20:16","slug":"bem-vindo-ao-teleatendimento","status":"publish","type":"page","link":"https:\/\/projetos.ecaresentinela.com.br\/teleacolhimento\/","title":{"rendered":"Bem-vindo ao Teleacolhimento"},"content":{"rendered":"\n<p>Realizado por meio de videochamadas via Google Meet e aberto \u00e0 toda comunidade unespiana, o teleacolhimento \u00e9 uma a\u00e7\u00e3o psicoeducativa e humanizadora, com o principal objetivo de oferecer um espa\u00e7o de escuta, de aprendizagem e de enfrentamento em tempos de pandemia e de isolamento social.<\/p>\n\n\n\n<p>O encontro online n\u00e3o se trata de psicoterapia, e sim de um servi\u00e7o de teleacolhimento para a comunidade universit\u00e1ria.<\/p>\n\n\n\n<div class=\"wp-block-columns is-layout-flex wp-container-core-columns-is-layout-9d6595d7 wp-block-columns-is-layout-flex\">\n<div class=\"wp-block-column is-layout-flow wp-block-column-is-layout-flow\">\n<figure class=\"wp-block-image size-large\"><img loading=\"lazy\" decoding=\"async\" width=\"626\" height=\"417\" src=\"http:\/\/projetos.ecaresentinela.com.br\/teleacolhimento\/wp-content\/uploads\/2021\/05\/quatro-pessoas-irreconheciveis-sentadas-ao-redor-da-mesa-e-segurando-as-maos-no-meio_1098-17392.jpg\" alt=\"\" class=\"wp-image-90\" srcset=\"https:\/\/projetos.ecaresentinela.com.br\/teleacolhimento\/wp-content\/uploads\/2021\/05\/quatro-pessoas-irreconheciveis-sentadas-ao-redor-da-mesa-e-segurando-as-maos-no-meio_1098-17392.jpg 626w, https:\/\/projetos.ecaresentinela.com.br\/teleacolhimento\/wp-content\/uploads\/2021\/05\/quatro-pessoas-irreconheciveis-sentadas-ao-redor-da-mesa-e-segurando-as-maos-no-meio_1098-17392-300x200.jpg 300w\" sizes=\"auto, (max-width: 626px) 100vw, 626px\" \/><\/figure>\n<\/div>\n\n\n\n<div class=\"wp-block-column is-layout-flow wp-block-column-is-layout-flow\">\n<figure class=\"wp-block-image size-large\"><img loading=\"lazy\" decoding=\"async\" width=\"626\" height=\"417\" src=\"http:\/\/projetos.ecaresentinela.com.br\/teleacolhimento\/wp-content\/uploads\/2021\/05\/retrato-de-uma-mulher-em-uma-videochamada-com-laptop-e-fones-de-ouvido-enquanto-trabalhava-em-casa_58466-15494.jpg\" alt=\"\" class=\"wp-image-91\" srcset=\"https:\/\/projetos.ecaresentinela.com.br\/teleacolhimento\/wp-content\/uploads\/2021\/05\/retrato-de-uma-mulher-em-uma-videochamada-com-laptop-e-fones-de-ouvido-enquanto-trabalhava-em-casa_58466-15494.jpg 626w, https:\/\/projetos.ecaresentinela.com.br\/teleacolhimento\/wp-content\/uploads\/2021\/05\/retrato-de-uma-mulher-em-uma-videochamada-com-laptop-e-fones-de-ouvido-enquanto-trabalhava-em-casa_58466-15494-300x200.jpg 300w\" sizes=\"auto, (max-width: 626px) 100vw, 626px\" \/><\/figure>\n<\/div>\n\n\n\n<div class=\"wp-block-column is-layout-flow wp-block-column-is-layout-flow\">\n<figure class=\"wp-block-image size-large\"><img loading=\"lazy\" decoding=\"async\" width=\"626\" height=\"417\" src=\"http:\/\/projetos.ecaresentinela.com.br\/teleacolhimento\/wp-content\/uploads\/2021\/05\/escritorio-de-psicologos-praticante-feminina-segurando-a-area-de-transferencia_1163-5257.jpg\" alt=\"\" class=\"wp-image-88\" srcset=\"https:\/\/projetos.ecaresentinela.com.br\/teleacolhimento\/wp-content\/uploads\/2021\/05\/escritorio-de-psicologos-praticante-feminina-segurando-a-area-de-transferencia_1163-5257.jpg 626w, https:\/\/projetos.ecaresentinela.com.br\/teleacolhimento\/wp-content\/uploads\/2021\/05\/escritorio-de-psicologos-praticante-feminina-segurando-a-area-de-transferencia_1163-5257-300x200.jpg 300w\" sizes=\"auto, (max-width: 626px) 100vw, 626px\" \/><\/figure>\n<\/div>\n<\/div>\n","protected":false},"excerpt":{"rendered":"<p>Realizado por meio de videochamadas via Google Meet e aberto \u00e0 toda comunidade unespiana, o teleacolhimento \u00e9 uma a\u00e7\u00e3o psicoeducativa e humanizadora, com o principal objetivo de oferecer um espa\u00e7o de escuta, de aprendizagem e de enfrentamento em tempos de pandemia e de isolamento social. O encontro online n\u00e3o se trata de psicoterapia, e sim [&hellip;]<\/p>\n","protected":false},"author":1,"featured_media":0,"parent":0,"menu_order":0,"comment_status":"closed","ping_status":"closed","template":"","meta":{"footnotes":""},"class_list":["post-54","page","type-page","status-publish","czr-hentry"],"_links":{"self":[{"href":"https:\/\/projetos.ecaresentinela.com.br\/teleacolhimento\/wp-json\/wp\/v2\/pages\/54","targetHints":{"allow":["GET"]}}],"collection":[{"href":"https:\/\/projetos.ecaresentinela.com.br\/teleacolhimento\/wp-json\/wp\/v2\/pages"}],"about":[{"href":"https:\/\/projetos.ecaresentinela.com.br\/teleacolhimento\/wp-json\/wp\/v2\/types\/page"}],"author":[{"embeddable":true,"href":"https:\/\/projetos.ecaresentinela.com.br\/teleacolhimento\/wp-json\/wp\/v2\/users\/1"}],"replies":[{"embeddable":true,"href":"https:\/\/projetos.ecaresentinela.com.br\/teleacolhimento\/wp-json\/wp\/v2\/comments?post=54"}],"version-history":[{"count":6,"href":"https:\/\/projetos.ecaresentinela.com.br\/teleacolhimento\/wp-json\/wp\/v2\/pages\/54\/revisions"}],"predecessor-version":[{"id":119,"href":"https:\/\/projetos.ecaresentinela.com.br\/teleacolhimento\/wp-json\/wp\/v2\/pages\/54\/revisions\/119"}],"wp:attachment":[{"href":"https:\/\/projetos.ecaresentinela.com.br\/teleacolhimento\/wp-json\/wp\/v2\/media?parent=54"}],"curies":[{"name":"wp","href":"https:\/\/api.w.org\/{rel}","templated":true}]}}