{"id":39,"date":"2021-05-12T09:48:01","date_gmt":"2021-05-12T12:48:01","guid":{"rendered":"http:\/\/projetos.ecaresentinela.com.br\/poscovid19\/?page_id=39"},"modified":"2021-05-17T09:16:55","modified_gmt":"2021-05-17T12:16:55","slug":"nosso-projeto","status":"publish","type":"page","link":"https:\/\/projetos.ecaresentinela.com.br\/poscovid19\/nosso-projeto\/","title":{"rendered":"O projeto"},"content":{"rendered":"\n<p>O projeto intitulado Neuro-COVID, desenvolvido pela FMB &#8211; Faculdade de Medicina de Botucatu &#8211; UNESP,&nbsp; tem por objetivo analisar e pesquisar sobre alguns temas relacionados com o novo coronav\u00edrus (SARS-CoV-2) dentre eles as manifesta\u00e7\u00f5es neurol\u00f3gicas durante e ap\u00f3s a exposi\u00e7\u00e3o, os eventos adversos \u00e0 vacina\u00e7\u00e3o, a reinfec\u00e7\u00e3o, a intera\u00e7\u00e3o entre ageusia e\/ou anosmia e altera\u00e7\u00f5es cognitivas, o uso de imunossupressores e imunomoduladores durante a COVID-19 entre outros.<\/p>\n","protected":false},"excerpt":{"rendered":"<p>O projeto intitulado Neuro-COVID, desenvolvido pela FMB &#8211; Faculdade de Medicina de Botucatu &#8211; UNESP,&nbsp; tem por objetivo analisar e pesquisar sobre alguns temas relacionados com o novo coronav\u00edrus (SARS-CoV-2) dentre eles as manifesta\u00e7\u00f5es neurol\u00f3gicas durante e ap\u00f3s a exposi\u00e7\u00e3o, os eventos adversos \u00e0 vacina\u00e7\u00e3o, a reinfec\u00e7\u00e3o, a intera\u00e7\u00e3o entre ageusia e\/ou anosmia e altera\u00e7\u00f5es [&hellip;]<\/p>\n","protected":false},"author":1,"featured_media":114,"parent":0,"menu_order":0,"comment_status":"closed","ping_status":"closed","template":"","meta":{"footnotes":""},"class_list":["post-39","page","type-page","status-publish","has-post-thumbnail","czr-hentry"],"_links":{"self":[{"href":"https:\/\/projetos.ecaresentinela.com.br\/poscovid19\/wp-json\/wp\/v2\/pages\/39","targetHints":{"allow":["GET"]}}],"collection":[{"href":"https:\/\/projetos.ecaresentinela.com.br\/poscovid19\/wp-json\/wp\/v2\/pages"}],"about":[{"href":"https:\/\/projetos.ecaresentinela.com.br\/poscovid19\/wp-json\/wp\/v2\/types\/page"}],"author":[{"embeddable":true,"href":"https:\/\/projetos.ecaresentinela.com.br\/poscovid19\/wp-json\/wp\/v2\/users\/1"}],"replies":[{"embeddable":true,"href":"https:\/\/projetos.ecaresentinela.com.br\/poscovid19\/wp-json\/wp\/v2\/comments?post=39"}],"version-history":[{"count":3,"href":"https:\/\/projetos.ecaresentinela.com.br\/poscovid19\/wp-json\/wp\/v2\/pages\/39\/revisions"}],"predecessor-version":[{"id":115,"href":"https:\/\/projetos.ecaresentinela.com.br\/poscovid19\/wp-json\/wp\/v2\/pages\/39\/revisions\/115"}],"wp:featuredmedia":[{"embeddable":true,"href":"https:\/\/projetos.ecaresentinela.com.br\/poscovid19\/wp-json\/wp\/v2\/media\/114"}],"wp:attachment":[{"href":"https:\/\/projetos.ecaresentinela.com.br\/poscovid19\/wp-json\/wp\/v2\/media?parent=39"}],"curies":[{"name":"wp","href":"https:\/\/api.w.org\/{rel}","templated":true}]}}