{"id":30,"date":"2021-05-12T09:31:08","date_gmt":"2021-05-12T12:31:08","guid":{"rendered":"http:\/\/projetos.ecaresentinela.com.br\/poscovid19\/?page_id=30"},"modified":"2021-05-17T09:20:04","modified_gmt":"2021-05-17T12:20:04","slug":"pagina-inicial","status":"publish","type":"page","link":"https:\/\/projetos.ecaresentinela.com.br\/poscovid19\/","title":{"rendered":"eCare Neurocovid"},"content":{"rendered":"\n<p>Bem-vindos ao site do Projeto Neuro-COVID. \u00c9 por esse meio de comunica\u00e7\u00e3o que iremos entrar em contato com voc\u00ea!<\/p>\n\n\n\n<p>Se \u00e9 a primeira vez que est\u00e1 entrando neste ambiente, por favor, responda ao question\u00e1rio. Iremos te fazer algumas perguntas sobre os sintomas da COVID-19 e sobre a vacina\u00e7\u00e3o. \u00c9 rapidinho! <\/p>\n","protected":false},"excerpt":{"rendered":"<p>Bem-vindos ao site do Projeto Neuro-COVID. \u00c9 por esse meio de comunica\u00e7\u00e3o que iremos entrar em contato com voc\u00ea! Se \u00e9 a primeira vez que est\u00e1 entrando neste ambiente, por favor, responda ao question\u00e1rio. Iremos te fazer algumas perguntas sobre os sintomas da COVID-19 e sobre a vacina\u00e7\u00e3o. \u00c9 rapidinho!<\/p>\n","protected":false},"author":1,"featured_media":0,"parent":0,"menu_order":0,"comment_status":"closed","ping_status":"closed","template":"","meta":{"footnotes":""},"class_list":["post-30","page","type-page","status-publish","czr-hentry"],"_links":{"self":[{"href":"https:\/\/projetos.ecaresentinela.com.br\/poscovid19\/wp-json\/wp\/v2\/pages\/30","targetHints":{"allow":["GET"]}}],"collection":[{"href":"https:\/\/projetos.ecaresentinela.com.br\/poscovid19\/wp-json\/wp\/v2\/pages"}],"about":[{"href":"https:\/\/projetos.ecaresentinela.com.br\/poscovid19\/wp-json\/wp\/v2\/types\/page"}],"author":[{"embeddable":true,"href":"https:\/\/projetos.ecaresentinela.com.br\/poscovid19\/wp-json\/wp\/v2\/users\/1"}],"replies":[{"embeddable":true,"href":"https:\/\/projetos.ecaresentinela.com.br\/poscovid19\/wp-json\/wp\/v2\/comments?post=30"}],"version-history":[{"count":6,"href":"https:\/\/projetos.ecaresentinela.com.br\/poscovid19\/wp-json\/wp\/v2\/pages\/30\/revisions"}],"predecessor-version":[{"id":121,"href":"https:\/\/projetos.ecaresentinela.com.br\/poscovid19\/wp-json\/wp\/v2\/pages\/30\/revisions\/121"}],"wp:attachment":[{"href":"https:\/\/projetos.ecaresentinela.com.br\/poscovid19\/wp-json\/wp\/v2\/media?parent=30"}],"curies":[{"name":"wp","href":"https:\/\/api.w.org\/{rel}","templated":true}]}}