{"id":49,"date":"2022-06-28T08:14:07","date_gmt":"2022-06-28T11:14:07","guid":{"rendered":"https:\/\/projetos.ecaresentinela.com.br\/cevap\/?page_id=49"},"modified":"2022-06-28T08:34:25","modified_gmt":"2022-06-28T11:34:25","slug":"telessaude","status":"publish","type":"page","link":"https:\/\/projetos.ecaresentinela.com.br\/cevap\/telessaude\/","title":{"rendered":"E-care Sentinela"},"content":{"rendered":"\n<p class=\"has-text-align-left\"><img loading=\"lazy\" decoding=\"async\" width=\"800\" height=\"115\" class=\"wp-image-69\" style=\"width: 800px;\" src=\"https:\/\/projetos.ecaresentinela.com.br\/cevap\/wp-content\/uploads\/2022\/06\/topo-1.png\" alt=\"\" srcset=\"https:\/\/projetos.ecaresentinela.com.br\/cevap\/wp-content\/uploads\/2022\/06\/topo-1.png 2668w, https:\/\/projetos.ecaresentinela.com.br\/cevap\/wp-content\/uploads\/2022\/06\/topo-1-300x43.png 300w, https:\/\/projetos.ecaresentinela.com.br\/cevap\/wp-content\/uploads\/2022\/06\/topo-1-1024x147.png 1024w, https:\/\/projetos.ecaresentinela.com.br\/cevap\/wp-content\/uploads\/2022\/06\/topo-1-768x110.png 768w, https:\/\/projetos.ecaresentinela.com.br\/cevap\/wp-content\/uploads\/2022\/06\/topo-1-1536x220.png 1536w, https:\/\/projetos.ecaresentinela.com.br\/cevap\/wp-content\/uploads\/2022\/06\/topo-1-2048x294.png 2048w\" sizes=\"auto, (max-width: 800px) 100vw, 800px\" \/><\/p>\n\n\n\n<p class=\"has-text-align-left\">O projeto E-care Sentinela foi implantado em maio de 2021 como piloto para a teleorienta\u00e7\u00e3o, o telemonitoramento e a teleinterconsulta, disponibilizada para a comunidade unespiana (docentes, discentes, servidores t\u00e9cnico\/administrativos, terceirizados, gestores e familiares), que apresentem sintomas e\/ou sejam contactantes da COVID-19, al\u00e9m de proporcionar aux\u00edlio para sanar poss\u00edveis d\u00favidas relacionada a COVID-19.<\/p>\n\n\n\n<p><strong>Com seu crescente sucesso, foi expandido para outras \u00e1reas do conhecimento como em &#8220;Acidentes por Animais Pe\u00e7onhentos&#8221;.<\/strong><\/p>\n\n\n\n<p>Saiba mais em:<\/p>\n\n\n\n<p><a href=\"https:\/\/www2.unesp.br\/portal#!\/noticia\/36694\/cresce-busca-por-servicos-de-telessaude-em-plataforma-online\">https:\/\/www2.unesp.br\/portal#!\/noticia\/36694\/cresce-busca-por-servicos-de-telessaude-em-plataforma-online<\/a><\/p>\n\n\n\n<p><a href=\"https:\/\/www2.unesp.br\/portal#!\/noticia\/36595\/e-care-sentinela--atende-a-todos-os-segmentos-da-universidade\/\">https:\/\/www2.unesp.br\/portal#!\/noticia\/36595\/e-care-sentinela&#8211;atende-a-todos-os-segmentos-da-universidade\/<\/a><\/p>\n\n\n\n<p><a href=\"https:\/\/www2.unesp.br\/portal#!\/noticia\/36472\/rede-de-apoio-a-saude-na-unesp-vai-alem-da-pandemia-diz-reitor\">https:\/\/www2.unesp.br\/portal#!\/noticia\/36472\/rede-de-apoio-a-saude-na-unesp-vai-alem-da-pandemia-diz-reitor<\/a><\/p>\n\n\n\n<p><a href=\"https:\/\/www2.unesp.br\/portal#!\/noticia\/36609\/usuarios-aprovam-atendimento-na-rede-de-apoio-a-saude-na-unesp\">https:\/\/www2.unesp.br\/portal#!\/noticia\/36609\/usuarios-aprovam-atendimento-na-rede-de-apoio-a-saude-na-unesp<\/a><\/p>\n\n\n\n<p class=\"has-text-align-left\"><\/p>\n","protected":false},"excerpt":{"rendered":"<p>O projeto E-care Sentinela foi implantado em maio de 2021 como piloto para a teleorienta\u00e7\u00e3o, o telemonitoramento e a teleinterconsulta, disponibilizada para a comunidade unespiana (docentes, discentes, servidores t\u00e9cnico\/administrativos, terceirizados, gestores e familiares), que apresentem sintomas e\/ou sejam contactantes da COVID-19, al\u00e9m de proporcionar aux\u00edlio para sanar poss\u00edveis d\u00favidas relacionada a COVID-19. Com seu crescente [&hellip;]<\/p>\n","protected":false},"author":1,"featured_media":0,"parent":0,"menu_order":0,"comment_status":"closed","ping_status":"closed","template":"","meta":{"footnotes":""},"class_list":["post-49","page","type-page","status-publish","hentry"],"_links":{"self":[{"href":"https:\/\/projetos.ecaresentinela.com.br\/cevap\/wp-json\/wp\/v2\/pages\/49","targetHints":{"allow":["GET"]}}],"collection":[{"href":"https:\/\/projetos.ecaresentinela.com.br\/cevap\/wp-json\/wp\/v2\/pages"}],"about":[{"href":"https:\/\/projetos.ecaresentinela.com.br\/cevap\/wp-json\/wp\/v2\/types\/page"}],"author":[{"embeddable":true,"href":"https:\/\/projetos.ecaresentinela.com.br\/cevap\/wp-json\/wp\/v2\/users\/1"}],"replies":[{"embeddable":true,"href":"https:\/\/projetos.ecaresentinela.com.br\/cevap\/wp-json\/wp\/v2\/comments?post=49"}],"version-history":[{"count":5,"href":"https:\/\/projetos.ecaresentinela.com.br\/cevap\/wp-json\/wp\/v2\/pages\/49\/revisions"}],"predecessor-version":[{"id":72,"href":"https:\/\/projetos.ecaresentinela.com.br\/cevap\/wp-json\/wp\/v2\/pages\/49\/revisions\/72"}],"wp:attachment":[{"href":"https:\/\/projetos.ecaresentinela.com.br\/cevap\/wp-json\/wp\/v2\/media?parent=49"}],"curies":[{"name":"wp","href":"https:\/\/api.w.org\/{rel}","templated":true}]}}