{"id":2,"date":"2022-06-27T16:35:13","date_gmt":"2022-06-27T19:35:13","guid":{"rendered":"https:\/\/projetos.ecaresentinela.com.br\/cevap\/?page_id=2"},"modified":"2022-06-28T12:10:36","modified_gmt":"2022-06-28T15:10:36","slug":"pagina-exemplo","status":"publish","type":"page","link":"https:\/\/projetos.ecaresentinela.com.br\/cevap\/pagina-exemplo\/","title":{"rendered":"Equipe"},"content":{"rendered":"\n<pre class=\"wp-block-preformatted\"><\/pre>\n\n\n\n<div class=\"wp-block-columns is-layout-flex wp-container-core-columns-is-layout-9d6595d7 wp-block-columns-is-layout-flex\">\n<div class=\"wp-block-column is-layout-flow wp-block-column-is-layout-flow\">\n<figure class=\"wp-block-image size-full\"><img loading=\"lazy\" decoding=\"async\" width=\"360\" height=\"300\" src=\"https:\/\/projetos.ecaresentinela.com.br\/cevap\/wp-content\/uploads\/2022\/06\/Ana.png\" alt=\"\" class=\"wp-image-78\" srcset=\"https:\/\/projetos.ecaresentinela.com.br\/cevap\/wp-content\/uploads\/2022\/06\/Ana.png 360w, https:\/\/projetos.ecaresentinela.com.br\/cevap\/wp-content\/uploads\/2022\/06\/Ana-300x250.png 300w\" sizes=\"auto, (max-width: 360px) 100vw, 360px\" \/><\/figure>\n<\/div>\n\n\n\n<div class=\"wp-block-column is-layout-flow wp-block-column-is-layout-flow\">\n<p><strong>Dra. Ana Silvia Sartori Barraviera Seabra Ferreira<\/strong><\/p>\n\n\n\n<p><strong>Coordenadora Geral do Projeto E-care Sentinela<\/strong><\/p>\n\n\n\n<p><\/p>\n\n\n\n<p>Mestre em Telemedicina<\/p>\n\n\n\n<p>Doutora em Biologia Geral e Aplicada<\/p>\n\n\n\n<p>P\u00f3s-doutora em Pesquisa Cl\u00ednica<\/p>\n<\/div>\n<\/div>\n\n\n\n<div class=\"wp-block-columns is-layout-flex wp-container-core-columns-is-layout-9d6595d7 wp-block-columns-is-layout-flex\">\n<div class=\"wp-block-column is-layout-flow wp-block-column-is-layout-flow\">\n<figure class=\"wp-block-image size-full\"><img loading=\"lazy\" decoding=\"async\" width=\"360\" height=\"300\" src=\"https:\/\/projetos.ecaresentinela.com.br\/cevap\/wp-content\/uploads\/2022\/06\/benedito.png\" alt=\"\" class=\"wp-image-79\" srcset=\"https:\/\/projetos.ecaresentinela.com.br\/cevap\/wp-content\/uploads\/2022\/06\/benedito.png 360w, https:\/\/projetos.ecaresentinela.com.br\/cevap\/wp-content\/uploads\/2022\/06\/benedito-300x250.png 300w\" sizes=\"auto, (max-width: 360px) 100vw, 360px\" \/><\/figure>\n<\/div>\n\n\n\n<div class=\"wp-block-column is-layout-flow wp-block-column-is-layout-flow\">\n<p><strong>Prof. Titular Benedito Barraviera<\/strong><\/p>\n\n\n\n<p><strong>Coordenador M\u00e9dico do Projeto E-care Sentinela<\/strong> <strong>CEVAP<\/strong> <\/p>\n\n\n\n<p><\/p>\n\n\n\n<p>Professor Titular em Infectologia<\/p>\n\n\n\n<p>Pesquisador do CEVAP<\/p>\n<\/div>\n<\/div>\n\n\n\n<div class=\"wp-block-columns is-layout-flex wp-container-core-columns-is-layout-9d6595d7 wp-block-columns-is-layout-flex\">\n<div class=\"wp-block-column is-layout-flow wp-block-column-is-layout-flow\">\n<figure class=\"wp-block-image size-full is-resized\"><img loading=\"lazy\" decoding=\"async\" src=\"https:\/\/projetos.ecaresentinela.com.br\/cevap\/wp-content\/uploads\/2022\/06\/rui.jpeg\" alt=\"\" class=\"wp-image-80\" width=\"298\" height=\"298\" srcset=\"https:\/\/projetos.ecaresentinela.com.br\/cevap\/wp-content\/uploads\/2022\/06\/rui.jpeg 225w, https:\/\/projetos.ecaresentinela.com.br\/cevap\/wp-content\/uploads\/2022\/06\/rui-150x150.jpeg 150w\" sizes=\"auto, (max-width: 298px) 100vw, 298px\" \/><\/figure>\n<\/div>\n\n\n\n<div class=\"wp-block-column is-layout-flow wp-block-column-is-layout-flow\">\n<p><strong>Prof. Associado Rui Seabra Ferreira J\u00fanior<\/strong><\/p>\n\n\n\n<p><strong>Coordenador em Toxinas Animais no Projeto E-care Sentinela<\/strong> <strong>CEVAP<\/strong><\/p>\n\n\n\n<p><\/p>\n\n\n\n<p>Coordenador Executivo do CEVAP<\/p>\n\n\n\n<p>Livre-docente em Pesquisa Translacional<\/p>\n<\/div>\n<\/div>\n","protected":false},"excerpt":{"rendered":"<p>Dra. Ana Silvia Sartori Barraviera Seabra Ferreira Coordenadora Geral do Projeto E-care Sentinela Mestre em Telemedicina Doutora em Biologia Geral e Aplicada P\u00f3s-doutora em Pesquisa Cl\u00ednica Prof. Titular Benedito Barraviera Coordenador M\u00e9dico do Projeto E-care Sentinela CEVAP Professor Titular em Infectologia Pesquisador do CEVAP Prof. Associado Rui Seabra Ferreira J\u00fanior Coordenador em Toxinas Animais no [&hellip;]<\/p>\n","protected":false},"author":1,"featured_media":0,"parent":0,"menu_order":0,"comment_status":"closed","ping_status":"open","template":"","meta":{"footnotes":""},"class_list":["post-2","page","type-page","status-publish","hentry"],"_links":{"self":[{"href":"https:\/\/projetos.ecaresentinela.com.br\/cevap\/wp-json\/wp\/v2\/pages\/2","targetHints":{"allow":["GET"]}}],"collection":[{"href":"https:\/\/projetos.ecaresentinela.com.br\/cevap\/wp-json\/wp\/v2\/pages"}],"about":[{"href":"https:\/\/projetos.ecaresentinela.com.br\/cevap\/wp-json\/wp\/v2\/types\/page"}],"author":[{"embeddable":true,"href":"https:\/\/projetos.ecaresentinela.com.br\/cevap\/wp-json\/wp\/v2\/users\/1"}],"replies":[{"embeddable":true,"href":"https:\/\/projetos.ecaresentinela.com.br\/cevap\/wp-json\/wp\/v2\/comments?post=2"}],"version-history":[{"count":3,"href":"https:\/\/projetos.ecaresentinela.com.br\/cevap\/wp-json\/wp\/v2\/pages\/2\/revisions"}],"predecessor-version":[{"id":85,"href":"https:\/\/projetos.ecaresentinela.com.br\/cevap\/wp-json\/wp\/v2\/pages\/2\/revisions\/85"}],"wp:attachment":[{"href":"https:\/\/projetos.ecaresentinela.com.br\/cevap\/wp-json\/wp\/v2\/media?parent=2"}],"curies":[{"name":"wp","href":"https:\/\/api.w.org\/{rel}","templated":true}]}}